{"id":30,"date":"2025-07-08T23:01:32","date_gmt":"2025-07-08T23:01:32","guid":{"rendered":"https:\/\/sitiomemoriacolon636.cl\/?page_id=30"},"modified":"2025-07-14T20:36:03","modified_gmt":"2025-07-14T20:36:03","slug":"quienes-somos","status":"publish","type":"page","link":"https:\/\/sitiomemoriacolon636.cl\/?page_id=30","title":{"rendered":"Qui\u00e9nes somos"},"content":{"rendered":"\n<p><strong>Nuestra Directiva<\/strong><\/p>\n\n\n\n<p>Con fecha 3 de julio 2025, se eligi\u00f3 la directiva permanente de nuestra organizaci\u00f3n, la cual estar\u00e1 activa por cuatro a\u00f1os, por el per\u00edodo 2025 &#8211; 2029.<\/p>\n\n\n\n<p><strong>Presidenta:<\/strong> Magda Ruiz Mendez<br><strong>Secretaria:<\/strong> Soledad Ruiz Ovando<br><strong>Tesorero:<\/strong> Sergio Reyes Soto<\/p>\n\n\n\n<p><strong>Comisi\u00f3n de Etica:<\/strong><\/p>\n\n\n\n<p>Manuel Aguilante Barrientos<br>Flor Mayorga C\u00e1rdenas<br>Ana Marl\u00e9n Guerra Encina<\/p>\n\n\n\n<p><strong>Comisi\u00f3n revisora de Cuentas:<\/strong><\/p>\n\n\n\n<p>Hern\u00e1n D\u00edaz Prado<br>Monica Ojeda Mayorga<br>Patricia P\u00e9rez Zu\u00f1iga.<\/p>\n\n\n\n<p><strong>Contacto general:<\/strong> admin@sitiomemoriacolon636.cl<\/p>\n\n\n\n<p><strong>Estatutos:<\/strong> <\/p>\n\n\n\n<div data-wp-interactive=\"core\/file\" class=\"wp-block-file\"><object data-wp-bind--hidden=\"!state.hasPdfPreview\" hidden class=\"wp-block-file__embed\" data=\"https:\/\/sitiomemoriacolon636.cl\/wp-content\/uploads\/2025\/07\/Corporacion-Sitio-de-Memoria-Colon-636-Estatutos-Final-20-05-2025.pdf\" type=\"application\/pdf\" style=\"width:100%;height:600px\" aria-label=\"Incrustado de Corporacion Sitio de Memoria Colon 636 - Estatutos Final 20-05-2025.\"><\/object><a id=\"wp-block-file--media-fc60dd8c-4abc-46d7-b336-24fd00cf80ba\" href=\"https:\/\/sitiomemoriacolon636.cl\/wp-content\/uploads\/2025\/07\/Corporacion-Sitio-de-Memoria-Colon-636-Estatutos-Final-20-05-2025.pdf\">Corporacion Sitio de Memoria Colon 636 &#8211; Estatutos Final 20-05-2025<\/a><a href=\"https:\/\/sitiomemoriacolon636.cl\/wp-content\/uploads\/2025\/07\/Corporacion-Sitio-de-Memoria-Colon-636-Estatutos-Final-20-05-2025.pdf\" class=\"wp-block-file__button wp-element-button\" download aria-describedby=\"wp-block-file--media-fc60dd8c-4abc-46d7-b336-24fd00cf80ba\">Descarga<\/a><\/div>\n\n\n\n<p><strong>Cuotas:<\/strong> Quienes quieran ser socios de la corporaci\u00f3n, aparte de cumplir con los requisitos indicados en los estatutos,  deben firmar el libro de socios y pagar una cuota de incorporaci\u00f3n de $1.000. Con posterioridad, las cuotas mensuales ser\u00e1n de $1.000 al mes.<\/p>\n\n\n\n<p><\/p>\n","protected":false},"excerpt":{"rendered":"<p>Nuestra Directiva Con fecha 3 de julio 2025, se eligi\u00f3 la directiva permanente de nuestra organizaci\u00f3n, la cual estar\u00e1 activa por cuatro a\u00f1os, por el per\u00edodo 2025 &#8211; 2029. Presidenta: Magda Ruiz MendezSecretaria: Soledad Ruiz OvandoTesorero: Sergio Reyes Soto Comisi\u00f3n de Etica: Manuel Aguilante BarrientosFlor Mayorga C\u00e1rdenasAna Marl\u00e9n Guerra Encina Comisi\u00f3n revisora de Cuentas: Hern\u00e1n [&hellip;]<\/p>\n","protected":false},"author":1,"featured_media":0,"parent":0,"menu_order":0,"comment_status":"closed","ping_status":"closed","template":"","meta":{"footnotes":""},"class_list":["post-30","page","type-page","status-publish","hentry"],"_links":{"self":[{"href":"https:\/\/sitiomemoriacolon636.cl\/index.php?rest_route=\/wp\/v2\/pages\/30","targetHints":{"allow":["GET"]}}],"collection":[{"href":"https:\/\/sitiomemoriacolon636.cl\/index.php?rest_route=\/wp\/v2\/pages"}],"about":[{"href":"https:\/\/sitiomemoriacolon636.cl\/index.php?rest_route=\/wp\/v2\/types\/page"}],"author":[{"embeddable":true,"href":"https:\/\/sitiomemoriacolon636.cl\/index.php?rest_route=\/wp\/v2\/users\/1"}],"replies":[{"embeddable":true,"href":"https:\/\/sitiomemoriacolon636.cl\/index.php?rest_route=%2Fwp%2Fv2%2Fcomments&post=30"}],"version-history":[{"count":5,"href":"https:\/\/sitiomemoriacolon636.cl\/index.php?rest_route=\/wp\/v2\/pages\/30\/revisions"}],"predecessor-version":[{"id":52,"href":"https:\/\/sitiomemoriacolon636.cl\/index.php?rest_route=\/wp\/v2\/pages\/30\/revisions\/52"}],"wp:attachment":[{"href":"https:\/\/sitiomemoriacolon636.cl\/index.php?rest_route=%2Fwp%2Fv2%2Fmedia&parent=30"}],"curies":[{"name":"wp","href":"https:\/\/api.w.org\/{rel}","templated":true}]}}