{"id":28,"date":"2025-07-08T22:47:02","date_gmt":"2025-07-08T22:47:02","guid":{"rendered":"https:\/\/sitiomemoriacolon636.cl\/?page_id=28"},"modified":"2025-07-11T00:28:23","modified_gmt":"2025-07-11T00:28:23","slug":"en-los-medios","status":"publish","type":"page","link":"https:\/\/sitiomemoriacolon636.cl\/?page_id=28","title":{"rendered":"En los medios"},"content":{"rendered":"\n<p>Selecci\u00f3n de art\u00edculos publicados en diversos medios de la red o tradicionales, referentes al Sitio de Memoria Col\u00f3n 636.<\/p>\n\n\n<!-- \/wp:post-content -->\n\n<!-- wp:separator -->\n<hr class=\"wp-block-separator has-alpha-channel-opacity\"\/>\n<!-- \/wp:separator -->\n\n<!-- wp:paragraph -->\n<p>ITV Noticias, 27\/6\/2025. <a href=\"https:\/\/www.itvpatagonia.com\/noticias\/regional\/27-06-2025\/realizan-diligencia-con-georradar-en-sitio-de-memoria-de-punta-arenas-en-el-marco-del-plan-nacional-de-busqueda\/\">Realizan diligencia con georradar en sitio de memoria de Punta Arenas en el marco del plan nacional de b\u00fasqueda<\/a><\/p>\n<!-- \/wp:paragraph -->\n<p>La Prensa Austral, 14\/4\/2025. <a href=\"https:\/\/laprensaaustral.cl\/2025\/04\/14\/investigacion-por-incendio-en-casa-de-los-dd-hh-se-cerro-hace-casi-4-anos-sin-culpables\/\">Investigaci\u00f3n por incendio en Casa de los DDHH se cerr\u00f3 hace 4 a\u00f1os sin culpables<\/a><\/p>\n<!-- wp:paragraph -->\n<p>La Prensa Austral, 8\/4\/2025. <a href=\"https:\/\/laprensaaustral.cl\/2025\/04\/08\/agrupaciones-de-dd-hh-cuestionan-que-investigacion-por-incendio-de-colon-636-se-encuentre-sin-avances\/\"> Agrupaciones de DD.HH. cuestionan que investigaci\u00f3n por incendio de Col\u00f3n 636 se encuentre sin avances<\/a><\/p>\n<!-- \/wp:paragraph -->","protected":false},"excerpt":{"rendered":"<p>Selecci\u00f3n de art\u00edculos publicados en diversos medios de la red o tradicionales, referentes al Sitio de Memoria Col\u00f3n 636. ITV Noticias, 27\/6\/2025. Realizan diligencia con georradar en sitio de memoria de Punta Arenas en el marco del plan nacional de b\u00fasqueda La Prensa Austral, 14\/4\/2025. Investigaci\u00f3n por incendio en Casa de los DDHH se cerr\u00f3 [&hellip;]<\/p>\n","protected":false},"author":1,"featured_media":0,"parent":0,"menu_order":0,"comment_status":"closed","ping_status":"closed","template":"","meta":{"footnotes":""},"class_list":["post-28","page","type-page","status-publish","hentry"],"_links":{"self":[{"href":"https:\/\/sitiomemoriacolon636.cl\/index.php?rest_route=\/wp\/v2\/pages\/28","targetHints":{"allow":["GET"]}}],"collection":[{"href":"https:\/\/sitiomemoriacolon636.cl\/index.php?rest_route=\/wp\/v2\/pages"}],"about":[{"href":"https:\/\/sitiomemoriacolon636.cl\/index.php?rest_route=\/wp\/v2\/types\/page"}],"author":[{"embeddable":true,"href":"https:\/\/sitiomemoriacolon636.cl\/index.php?rest_route=\/wp\/v2\/users\/1"}],"replies":[{"embeddable":true,"href":"https:\/\/sitiomemoriacolon636.cl\/index.php?rest_route=%2Fwp%2Fv2%2Fcomments&post=28"}],"version-history":[{"count":10,"href":"https:\/\/sitiomemoriacolon636.cl\/index.php?rest_route=\/wp\/v2\/pages\/28\/revisions"}],"predecessor-version":[{"id":47,"href":"https:\/\/sitiomemoriacolon636.cl\/index.php?rest_route=\/wp\/v2\/pages\/28\/revisions\/47"}],"wp:attachment":[{"href":"https:\/\/sitiomemoriacolon636.cl\/index.php?rest_route=%2Fwp%2Fv2%2Fmedia&parent=28"}],"curies":[{"name":"wp","href":"https:\/\/api.w.org\/{rel}","templated":true}]}}